{"id":3,"date":"2024-12-08T18:28:47","date_gmt":"2024-12-08T17:28:47","guid":{"rendered":"https:\/\/www.harboreq.com\/?page_id=3"},"modified":"2024-12-11T17:02:42","modified_gmt":"2024-12-11T16:02:42","slug":"ochrana-sukromia","status":"publish","type":"page","link":"https:\/\/www.harboreq.com\/de\/ochrana-sukromia\/","title":{"rendered":"Datenschutzbestimmungen"},"content":{"rendered":"<div data-elementor-type=\"wp-page\" data-elementor-id=\"3\" class=\"elementor elementor-3\" data-elementor-post-type=\"page\">\n\t\t\t\t<div class=\"elementor-element elementor-element-ad28e34 e-flex e-con-boxed e-con e-parent\" data-id=\"ad28e34\" data-element_type=\"container\">\n\t\t\t\t\t<div class=\"e-con-inner\">\n\t\t\t\t<div class=\"elementor-element elementor-element-6363fa0f elementor-widget elementor-widget-text-editor\" data-id=\"6363fa0f\" data-element_type=\"widget\" data-widget_type=\"text-editor.default\">\n\t\t\t\t<div class=\"elementor-widget-container\">\n\t\t\t\t\t\t\t\t\t\n<h3 class=\"wp-block-heading\">Verantwortlicher f\u00fcr personenbezogene Daten<\/h3>\n\n<p>F\u00fcr die Verarbeitung Verantwortlicher f\u00fcr die Website <span style=\"color: #ffffff;\"><a style=\"color: #ffffff;\" href=\"https:\/\/www.harboreq.com\/de\/\">https:\/\/www.harboreq.com\/<\/a><\/span> ist:<\/p>\n\n<p><strong>Name des Unternehmens:<\/strong> <span style=\"color: #ffffff;\">Harbor Equity a.s.<\/span><br \/><strong>Anschrift:<\/strong> <span style=\"color: #ffffff;\">Dlouh\u00e1 730\/35, Altstadt, 110 00 Prag<\/span><br \/><strong>ID:<\/strong> <span style=\"color: #ffffff;\">21989249<\/span><br \/><strong>E-Mail:<\/strong> <span style=\"color: #ffffff;\"><a style=\"color: #ffffff;\" href=\"mailto:info@harboreq.com\">info@harboreq.com<\/a><\/span><br \/><strong>Telefon:<\/strong><span style=\"color: #ffffff;\"> <a style=\"color: #ffffff;\" href=\"tel:%E2%80%AD+420 604 701 359%E2%80%AC\">+420 604 701 359<\/a><\/span><\/p>\n\n<p>Bei Fragen zum Datenschutz k\u00f6nnen Sie sich \u00fcber die angegebenen Kontaktinformationen an uns wenden.<\/p>\n<hr class=\"wp-block-separator has-alpha-channel-opacity\" \/>\n<h3 class=\"wp-block-heading\">Welche Daten sammeln wir?<\/h3>\n\n<ol class=\"wp-block-list\" start=\"1\">\n<li><strong>Personenbezogene Daten, die \u00fcber das Kontaktformular \u00fcbermittelt werden:<\/strong>\n<ul class=\"wp-block-list\">\n<li>Name<\/li>\n\n<li>E-Mail Adresse<\/li>\n\n<li>Die Nachricht oder der Inhalt Ihrer Anfrage<\/li>\n<\/ul>\n<\/li>\n\n<li><strong>Technische Daten:<\/strong>\n<ul class=\"wp-block-list\">\n<li>IP-Adresse<\/li>\n\n<li>Cookies (f\u00fcr weitere Informationen siehe Abschnitt \"Cookies\")<\/li>\n<\/ul>\n<\/li>\n<\/ol>\n<hr class=\"wp-block-separator has-alpha-channel-opacity\" \/>\n<h3 class=\"wp-block-heading\">Zu welchen Zwecken verarbeiten wir Ihre personenbezogenen Daten?<\/h3>\n\n<p>Wir verarbeiten Ihre personenbezogenen Daten f\u00fcr die folgenden Zwecke:<\/p>\n\n<ol class=\"wp-block-list\" start=\"1\">\n<li><strong>Kommunikation:<\/strong> Zur Beantwortung Ihrer Fragen oder Anfragen, die Sie \u00fcber das Kontaktformular gestellt haben.<\/li>\n\n<li><strong>Analytische Zwecke:<\/strong> Um die Funktionalit\u00e4t der Website zu verbessern (durch die Verwendung von Cookies).<\/li>\n<\/ol>\n<hr class=\"wp-block-separator has-alpha-channel-opacity\" \/>\n<h3 class=\"wp-block-heading\">Rechtsgrundlage f\u00fcr die Verarbeitung personenbezogener Daten<\/h3>\n\n<p>Die Verarbeitung Ihrer personenbezogenen Daten st\u00fctzt sich auf die folgenden Rechtsgrundlagen:<\/p>\n\n<ol class=\"wp-block-list\" start=\"1\">\n<li><strong>Einverstanden:<\/strong> Wenn Sie uns Ihr Einverst\u00e4ndnis gegeben haben (z. B. durch Absenden eines Kontaktformulars).<\/li>\n\n<li><strong>Erf\u00fcllung des Vertrages:<\/strong> Wenn die Verarbeitung erforderlich ist, um Ihre Anfrage zu erf\u00fcllen.<\/li>\n\n<li><strong>Berechtigtes Interesse:<\/strong> Unser Interesse ist es, die Qualit\u00e4t der Kommunikation und die Funktionalit\u00e4t der Website zu gew\u00e4hrleisten.<\/li>\n<\/ol>\n<hr class=\"wp-block-separator has-alpha-channel-opacity\" \/>\n<h3 class=\"wp-block-heading\">Wie lange bewahren wir Ihre personenbezogenen Daten auf?<\/h3>\n\n<p>Wir bewahren personenbezogene Daten so lange auf, wie es zur Erf\u00fcllung des Zwecks, f\u00fcr den sie erhoben wurden, erforderlich ist oder wie es das geltende Recht verlangt.<\/p>\n<hr class=\"wp-block-separator has-alpha-channel-opacity\" \/>\n<h3 class=\"wp-block-heading\">Cookies<\/h3>\n\n<p>Wir verwenden Cookies, um die Funktionalit\u00e4t unserer Website zu verbessern. F\u00fcr weitere Informationen \u00fcber Cookies und deren Verwaltung, siehe <span style=\"color: #ffffff;\"><a style=\"color: #ffffff;\" href=\"\/de\/zasady-pouzivania-suborov-cookie-eu\/\">Cookie-Richtlinie<\/a>.<\/span><\/p>\n<hr class=\"wp-block-separator has-alpha-channel-opacity\" \/>\n<h3 class=\"wp-block-heading\">Ihre Rechte<\/h3>\n\n<p>Als betroffene Person haben Sie die folgenden Rechte:<\/p>\n\n<ol class=\"wp-block-list\" start=\"1\">\n<li><strong>Recht auf Zugang:<\/strong> Sie k\u00f6nnen Auskunft dar\u00fcber verlangen, welche Daten wir \u00fcber Sie verarbeiten.<\/li>\n\n<li><strong>Recht auf Korrektur:<\/strong> Sie haben das Recht, ungenaue oder veraltete Daten berichtigen zu lassen.<\/li>\n\n<li><strong>Recht auf L\u00f6schung (Recht auf Vergessenwerden):<\/strong> Sie k\u00f6nnen die L\u00f6schung Ihrer personenbezogenen Daten beantragen.<\/li>\n\n<li><strong>Recht auf Einschr\u00e4nkung der Verarbeitung:<\/strong> Sie k\u00f6nnen uns anweisen, die Verarbeitung Ihrer Daten vor\u00fcbergehend einzuschr\u00e4nken.<\/li>\n\n<li><strong>Recht auf Daten\u00fcbertragbarkeit:<\/strong> Sie haben das Recht, die \u00dcbermittlung Ihrer Daten an einen anderen f\u00fcr die Verarbeitung Verantwortlichen zu verlangen.<\/li>\n\n<li><strong>Recht auf Widerspruch:<\/strong> Sie k\u00f6nnen der Verarbeitung Ihrer Daten auf der Grundlage eines berechtigten Interesses widersprechen.<\/li>\n<\/ol>\n\n<p>Wir werden Ihre Anfragen ohne unangemessene Verz\u00f6gerung bearbeiten, immer in \u00dcbereinstimmung mit den einschl\u00e4gigen Gesetzen.<\/p>\n<hr class=\"wp-block-separator has-alpha-channel-opacity\" \/>\n<h3 class=\"wp-block-heading\">\u00c4nderungen der Datenschutzrichtlinie<\/h3>\n\n<p>Wir k\u00f6nnen diese Regeln von Zeit zu Zeit aktualisieren. Eine neue Version wird immer auf dieser Seite ver\u00f6ffentlicht. Wir empfehlen Ihnen, diese Regeln regelm\u00e4\u00dfig zu \u00fcberpr\u00fcfen.<\/p>\n<hr class=\"wp-block-separator has-alpha-channel-opacity\" \/>\n<h3 class=\"wp-block-heading\">Kontaktangaben<\/h3>\n\n<p>Bei Fragen oder W\u00fcnschen wenden Sie sich bitte per E-Mail an uns:<span style=\"color: #ffffff;\"> <a style=\"color: #ffffff;\" href=\"mailto:info@harboreq.com\">info@harboreq.com<\/a>.<\/span><\/p>\n\t\t\t\t\t\t\t\t<\/div>\n\t\t\t\t<\/div>\n\t\t\t\t\t<\/div>\n\t\t\t\t<\/div>\n\t\t\t\t<\/div>","protected":false},"excerpt":{"rendered":"<p>Inhaber der personenbezogenen Daten Der Inhaber der personenbezogenen Daten f\u00fcr die Website https:\/\/www.harboreq.com\/ ist: Firmenname: Harbor Equity a.s.Adresse: Dlouh\u00e1 730\/35, Star\u00e9 M\u011bsto, 110 00 PrahaNummer: 21989249E-Mail: info@harboreq.comTelef\u00f3n: +420 604 701 359 Fragen zum Schutz personenbezogener Daten k\u00f6nnen Sie unter den angegebenen Kontaktdaten an uns richten. Welche Daten sammeln wir? Zu welchen Zwecken verarbeiten wir Ihre personenbezogenen Daten? Ihre pers\u00f6nlichen Daten [...]<\/p>","protected":false},"author":1,"featured_media":0,"parent":0,"menu_order":0,"comment_status":"closed","ping_status":"open","template":"elementor_header_footer","meta":{"footnotes":""},"class_list":["post-3","page","type-page","status-publish","hentry"],"_links":{"self":[{"href":"https:\/\/www.harboreq.com\/de\/wp-json\/wp\/v2\/pages\/3","targetHints":{"allow":["GET"]}}],"collection":[{"href":"https:\/\/www.harboreq.com\/de\/wp-json\/wp\/v2\/pages"}],"about":[{"href":"https:\/\/www.harboreq.com\/de\/wp-json\/wp\/v2\/types\/page"}],"author":[{"embeddable":true,"href":"https:\/\/www.harboreq.com\/de\/wp-json\/wp\/v2\/users\/1"}],"replies":[{"embeddable":true,"href":"https:\/\/www.harboreq.com\/de\/wp-json\/wp\/v2\/comments?post=3"}],"version-history":[{"count":5,"href":"https:\/\/www.harboreq.com\/de\/wp-json\/wp\/v2\/pages\/3\/revisions"}],"predecessor-version":[{"id":4268,"href":"https:\/\/www.harboreq.com\/de\/wp-json\/wp\/v2\/pages\/3\/revisions\/4268"}],"wp:attachment":[{"href":"https:\/\/www.harboreq.com\/de\/wp-json\/wp\/v2\/media?parent=3"}],"curies":[{"name":"wp","href":"https:\/\/api.w.org\/{rel}","templated":true}]}}