{"id":3,"date":"2024-12-08T18:28:47","date_gmt":"2024-12-08T17:28:47","guid":{"rendered":"https:\/\/www.harboreq.com\/?page_id=3"},"modified":"2024-12-11T17:02:42","modified_gmt":"2024-12-11T16:02:42","slug":"ochrana-sukromia","status":"publish","type":"page","link":"https:\/\/www.harboreq.com\/en\/ochrana-sukromia\/","title":{"rendered":"Privacy Policy"},"content":{"rendered":"<div data-elementor-type=\"wp-page\" data-elementor-id=\"3\" class=\"elementor elementor-3\" data-elementor-post-type=\"page\">\n\t\t\t\t<div class=\"elementor-element elementor-element-ad28e34 e-flex e-con-boxed e-con e-parent\" data-id=\"ad28e34\" data-element_type=\"container\">\n\t\t\t\t\t<div class=\"e-con-inner\">\n\t\t\t\t<div class=\"elementor-element elementor-element-6363fa0f elementor-widget elementor-widget-text-editor\" data-id=\"6363fa0f\" data-element_type=\"widget\" data-widget_type=\"text-editor.default\">\n\t\t\t\t<div class=\"elementor-widget-container\">\n\t\t\t\t\t\t\t\t\t\n<h3 class=\"wp-block-heading\">Personal data controller<\/h3>\n\n<p>Data controller for the website <span style=\"color: #ffffff;\"><a style=\"color: #ffffff;\" href=\"https:\/\/www.harboreq.com\/en\/\">https:\/\/www.harboreq.com\/<\/a><\/span> is:<\/p>\n\n<p><strong>Company Name:<\/strong> <span style=\"color: #ffffff;\">Harbor Equity a.s.<\/span><br \/><strong>Address:<\/strong> <span style=\"color: #ffffff;\">Dlouh\u00e1 730\/35, Old Town, 110 00 Prague<\/span><br \/><strong>ID:<\/strong> <span style=\"color: #ffffff;\">21989249<\/span><br \/><strong>E-mail:<\/strong> <span style=\"color: #ffffff;\"><a style=\"color: #ffffff;\" href=\"mailto:info@harboreq.com\">info@harboreq.com<\/a><\/span><br \/><strong>Phone:<\/strong><span style=\"color: #ffffff;\"> <a style=\"color: #ffffff;\" href=\"tel:%E2%80%AD+420 604 701 359%E2%80%AC\">+420 604 701 359<\/a><\/span><\/p>\n\n<p>Any questions regarding privacy can be addressed to us using the contact details provided.<\/p>\n<hr class=\"wp-block-separator has-alpha-channel-opacity\" \/>\n<h3 class=\"wp-block-heading\">What data do we collect?<\/h3>\n\n<ol class=\"wp-block-list\" start=\"1\">\n<li><strong>Personal data provided via the contact form:<\/strong>\n<ul class=\"wp-block-list\">\n<li>Name<\/li>\n\n<li>E-mail address<\/li>\n\n<li>The message or content of your request<\/li>\n<\/ul>\n<\/li>\n\n<li><strong>Technical data:<\/strong>\n<ul class=\"wp-block-list\">\n<li>IP address<\/li>\n\n<li>Cookies (for more information, please see the \"Cookies\" section)<\/li>\n<\/ul>\n<\/li>\n<\/ol>\n<hr class=\"wp-block-separator has-alpha-channel-opacity\" \/>\n<h3 class=\"wp-block-heading\">For what purposes do we process your personal data?<\/h3>\n\n<p>We process your personal data for the following purposes:<\/p>\n\n<ol class=\"wp-block-list\" start=\"1\">\n<li><strong>Communication:<\/strong> To answer your questions or requests sent via the contact form.<\/li>\n\n<li><strong>Analytical purposes:<\/strong> To improve the functionality of the website (by using cookies).<\/li>\n<\/ol>\n<hr class=\"wp-block-separator has-alpha-channel-opacity\" \/>\n<h3 class=\"wp-block-heading\">Legal basis for processing personal data<\/h3>\n\n<p>The processing of your personal data is based on the following legal grounds:<\/p>\n\n<ol class=\"wp-block-list\" start=\"1\">\n<li><strong>Agreed:<\/strong> If you have given us your consent (for example, by submitting a contact form).<\/li>\n\n<li><strong>Performance of the contract:<\/strong> If the processing is necessary to fulfil your request.<\/li>\n\n<li><strong>Legitimate interest:<\/strong> Our interest is to ensure quality communication and functionality of the website.<\/li>\n<\/ol>\n<hr class=\"wp-block-separator has-alpha-channel-opacity\" \/>\n<h3 class=\"wp-block-heading\">How long do we keep your personal data?<\/h3>\n\n<p>We retain personal data for as long as necessary to fulfill the purpose for which it was collected or as required by applicable law.<\/p>\n<hr class=\"wp-block-separator has-alpha-channel-opacity\" \/>\n<h3 class=\"wp-block-heading\">Cookies<\/h3>\n\n<p>We use cookies to improve the functionality of our site. For more information about cookies and how to manage them, see <span style=\"color: #ffffff;\"><a style=\"color: #ffffff;\" href=\"\/en\/zasady-pouzivania-suborov-cookie-eu\/\">Cookie Policy<\/a>.<\/span><\/p>\n<hr class=\"wp-block-separator has-alpha-channel-opacity\" \/>\n<h3 class=\"wp-block-heading\">Your rights<\/h3>\n\n<p>As a data subject, you have the following rights:<\/p>\n\n<ol class=\"wp-block-list\" start=\"1\">\n<li><strong>Right of access:<\/strong> You can request information about what data we process about you.<\/li>\n\n<li><strong>Right to correction:<\/strong> You have the right to have inaccurate or outdated data corrected.<\/li>\n\n<li><strong>Right to erasure (right to be forgotten):<\/strong> You can request the deletion of your personal data.<\/li>\n\n<li><strong>Right to restriction of processing:<\/strong> You can instruct us to temporarily restrict the processing of your data.<\/li>\n\n<li><strong>Right to data portability:<\/strong> You have the right to request the transfer of your data to another controller.<\/li>\n\n<li><strong>Right to object:<\/strong> You can object to the processing of your data on the basis of legitimate interest.<\/li>\n<\/ol>\n\n<p>We will deal with your requests without undue delay, always in accordance with the relevant laws.<\/p>\n<hr class=\"wp-block-separator has-alpha-channel-opacity\" \/>\n<h3 class=\"wp-block-heading\">Changes to the privacy policy<\/h3>\n\n<p>We may update these rules from time to time. A new version will always be posted on this page. We recommend that you check these rules regularly.<\/p>\n<hr class=\"wp-block-separator has-alpha-channel-opacity\" \/>\n<h3 class=\"wp-block-heading\">Contact details<\/h3>\n\n<p>For questions or requests, please contact us by email:<span style=\"color: #ffffff;\"> <a style=\"color: #ffffff;\" href=\"mailto:info@harboreq.com\">info@harboreq.com<\/a>.<\/span><\/p>\n\t\t\t\t\t\t\t\t<\/div>\n\t\t\t\t<\/div>\n\t\t\t\t\t<\/div>\n\t\t\t\t<\/div>\n\t\t\t\t<\/div>","protected":false},"excerpt":{"rendered":"<p>Personal data controller The personal data controller for the website https:\/\/www.harboreq.com\/ is: Company name: Harbor Equity a.s.Address: Dlouh\u00e1 730\/35, Star\u00e9 M\u011bsto, 110 00 PrahaNumber: 21989249E-mail: info@harboreq.comTelef\u00f3n: +420 604 701 359 Any questions regarding the protection of personal data can be addressed to us using the contact details provided. What data do we collect? For what purposes do we process your personal data? Your personal data [...]<\/p>","protected":false},"author":1,"featured_media":0,"parent":0,"menu_order":0,"comment_status":"closed","ping_status":"open","template":"elementor_header_footer","meta":{"footnotes":""},"class_list":["post-3","page","type-page","status-publish","hentry"],"_links":{"self":[{"href":"https:\/\/www.harboreq.com\/en\/wp-json\/wp\/v2\/pages\/3","targetHints":{"allow":["GET"]}}],"collection":[{"href":"https:\/\/www.harboreq.com\/en\/wp-json\/wp\/v2\/pages"}],"about":[{"href":"https:\/\/www.harboreq.com\/en\/wp-json\/wp\/v2\/types\/page"}],"author":[{"embeddable":true,"href":"https:\/\/www.harboreq.com\/en\/wp-json\/wp\/v2\/users\/1"}],"replies":[{"embeddable":true,"href":"https:\/\/www.harboreq.com\/en\/wp-json\/wp\/v2\/comments?post=3"}],"version-history":[{"count":5,"href":"https:\/\/www.harboreq.com\/en\/wp-json\/wp\/v2\/pages\/3\/revisions"}],"predecessor-version":[{"id":4268,"href":"https:\/\/www.harboreq.com\/en\/wp-json\/wp\/v2\/pages\/3\/revisions\/4268"}],"wp:attachment":[{"href":"https:\/\/www.harboreq.com\/en\/wp-json\/wp\/v2\/media?parent=3"}],"curies":[{"name":"wp","href":"https:\/\/api.w.org\/{rel}","templated":true}]}}